{"id":7,"date":"2017-02-05T21:02:26","date_gmt":"2017-02-05T20:02:26","guid":{"rendered":"http:\/\/www.saghair.ch\/?page_id=7"},"modified":"2017-02-05T21:29:27","modified_gmt":"2017-02-05T20:29:27","slug":"startseite","status":"publish","type":"page","link":"https:\/\/www.saghair.ch\/index.php\/startseite\/","title":{"rendered":"Preisliste"},"content":{"rendered":"<div id=\"container\">\n<div id=\"content\">\n<div class=\"cushycms\" title=\"Hauptinhalt\">\n<table border=\"0\" width=\"100%\" cellspacing=\"1\" cellpadding=\"1\">\n<tbody>\n<tr>\n<th scope=\"row\">DAMEN<\/th>\n<td>Waschen, f\u00f6nen<\/td>\n<td>kurzes Haar<\/td>\n<td>Fr.<\/td>\n<td>38.00<\/td>\n<\/tr>\n<tr>\n<th scope=\"row\"><\/th>\n<td><\/td>\n<td>langes Haar<\/td>\n<td>Fr.<\/td>\n<td>45.00<\/td>\n<\/tr>\n<tr>\n<th scope=\"row\"><\/th>\n<td>Waschen, schneiden, f\u00f6nen<\/td>\n<td>kurzes Haar<\/td>\n<td>Fr.<\/td>\n<td>78.00<\/td>\n<\/tr>\n<tr>\n<th scope=\"row\"><\/th>\n<td><\/td>\n<td>langes Haar<\/td>\n<td>Fr.<\/td>\n<td>85.00<\/td>\n<\/tr>\n<tr>\n<th scope=\"row\"><\/th>\n<td>F\u00e4rben, schneiden, f\u00f6nen<\/td>\n<td>kurzes Haar<\/td>\n<td>Fr.<\/td>\n<td>130.00<\/td>\n<\/tr>\n<tr>\n<th scope=\"row\"><\/th>\n<td><\/td>\n<td>langes Haar<\/td>\n<td>Fr.<\/td>\n<td>145.00<\/td>\n<\/tr>\n<tr>\n<th scope=\"row\"><\/th>\n<td>M\u00e8chen, schneiden, f\u00f6nen<\/td>\n<td>kurzes Haar<\/td>\n<td>Fr.<\/td>\n<td>135.00<\/td>\n<\/tr>\n<tr>\n<th scope=\"row\"><\/th>\n<td><\/td>\n<td>langes Haar<\/td>\n<td>Fr.<\/td>\n<td>150.00<\/td>\n<\/tr>\n<tr>\n<th scope=\"row\"><\/th>\n<td><\/td>\n<td>1\u00a0Str\u00e4hne<\/td>\n<td>Fr.<\/td>\n<td>5.00<\/td>\n<\/tr>\n<tr>\n<th scope=\"row\"><\/th>\n<td>Dauerwelle, schneiden, f\u00f6nen<\/td>\n<td>kurzes Haar<\/td>\n<td>Fr.<\/td>\n<td>130.00<\/td>\n<\/tr>\n<tr>\n<th scope=\"row\"><\/th>\n<td><\/td>\n<td>langes Haar<\/td>\n<td>Fr.<\/td>\n<td>165.00<\/td>\n<\/tr>\n<tr>\n<th scope=\"row\"><\/th>\n<td><\/td>\n<td><\/td>\n<td><\/td>\n<td><\/td>\n<\/tr>\n<tr>\n<th scope=\"row\">HERREN<\/th>\n<td>\u00a0Waschen, schneiden, f\u00f6nen<\/td>\n<td><\/td>\n<td>Fr.<\/td>\n<td>48.00<\/td>\n<\/tr>\n<tr>\n<th scope=\"row\"><\/th>\n<td><\/td>\n<td><\/td>\n<td><\/td>\n<td><\/td>\n<\/tr>\n<tr>\n<th scope=\"row\">KINDER<\/th>\n<td>bis 5 Jahre<\/td>\n<td><\/td>\n<td>Fr.<\/td>\n<td>20.00<\/td>\n<\/tr>\n<tr>\n<th scope=\"row\"><\/th>\n<td>bis 10 Jahre<\/td>\n<td><\/td>\n<td>Fr.<\/td>\n<td>30.00<\/td>\n<\/tr>\n<tr>\n<th scope=\"row\"><\/th>\n<td>bis 12 Jahre<\/td>\n<td><\/td>\n<td>Fr.<\/td>\n<td>35.00<\/td>\n<\/tr>\n<tr>\n<th scope=\"row\"><\/th>\n<td><\/td>\n<td><\/td>\n<td><\/td>\n<td><\/td>\n<\/tr>\n<tr>\n<th scope=\"row\"><\/th>\n<td>Jungs bis 16 Jahre<\/td>\n<td><\/td>\n<td>Fr.<\/td>\n<td>40.00<\/td>\n<\/tr>\n<tr>\n<th scope=\"row\"><\/th>\n<td>M\u00e4dchen bis 14\u00a0Jahre<\/td>\n<td><\/td>\n<td>Fr.<\/td>\n<td>40.00<\/td>\n<\/tr>\n<tr>\n<th scope=\"row\"><\/th>\n<td>M\u00e4dchen bis 16\u00a0Jahre<\/td>\n<td><\/td>\n<td>Fr.<\/td>\n<td>45.00<\/td>\n<\/tr>\n<\/tbody>\n<\/table>\n<p>Ich freue mich auf Ihren Besuch<\/p>\n<p><strong>Lydia Sch\u00f6nb\u00e4chler<\/strong><\/p>\n<\/div>\n<\/div>\n<\/div>\n","protected":false},"excerpt":{"rendered":"<p>DAMEN Waschen, f\u00f6nen kurzes Haar Fr. 38.00 langes Haar Fr. 45.00 Waschen, schneiden, f\u00f6nen kurzes Haar Fr. 78.00 langes Haar Fr. 85.00 F\u00e4rben, schneiden, f\u00f6nen kurzes Haar Fr. 130.00 langes Haar Fr. 145.00 M\u00e8chen, schneiden, f\u00f6nen kurzes Haar Fr. 135.00 langes Haar Fr. 150.00 1\u00a0Str\u00e4hne Fr. 5.00 Dauerwelle, schneiden, f\u00f6nen kurzes Haar Fr. 130.00 langes &hellip; <a href=\"https:\/\/www.saghair.ch\/index.php\/startseite\/\" class=\"more-link\">Continue reading<span class=\"screen-reader-text\"> &#171;Preisliste&#187;<\/span><\/a><\/p>\n","protected":false},"author":1,"featured_media":0,"parent":0,"menu_order":0,"comment_status":"closed","ping_status":"closed","template":"","meta":{"footnotes":""},"class_list":["post-7","page","type-page","status-publish","hentry"],"jetpack_sharing_enabled":true,"_links":{"self":[{"href":"https:\/\/www.saghair.ch\/index.php\/wp-json\/wp\/v2\/pages\/7","targetHints":{"allow":["GET"]}}],"collection":[{"href":"https:\/\/www.saghair.ch\/index.php\/wp-json\/wp\/v2\/pages"}],"about":[{"href":"https:\/\/www.saghair.ch\/index.php\/wp-json\/wp\/v2\/types\/page"}],"author":[{"embeddable":true,"href":"https:\/\/www.saghair.ch\/index.php\/wp-json\/wp\/v2\/users\/1"}],"replies":[{"embeddable":true,"href":"https:\/\/www.saghair.ch\/index.php\/wp-json\/wp\/v2\/comments?post=7"}],"version-history":[{"count":6,"href":"https:\/\/www.saghair.ch\/index.php\/wp-json\/wp\/v2\/pages\/7\/revisions"}],"predecessor-version":[{"id":49,"href":"https:\/\/www.saghair.ch\/index.php\/wp-json\/wp\/v2\/pages\/7\/revisions\/49"}],"wp:attachment":[{"href":"https:\/\/www.saghair.ch\/index.php\/wp-json\/wp\/v2\/media?parent=7"}],"curies":[{"name":"wp","href":"https:\/\/api.w.org\/{rel}","templated":true}]}}